{"id":6197,"date":"2025-04-29T14:41:47","date_gmt":"2025-04-29T14:41:47","guid":{"rendered":"http:\/\/35.181.87.76\/blog\/"},"modified":"2026-02-26T08:45:57","modified_gmt":"2026-02-26T08:45:57","slug":"blog","status":"publish","type":"page","link":"https:\/\/www.dynamics-vr.com\/it\/blog\/","title":{"rendered":"Blog"},"content":{"rendered":"\t\t<div data-elementor-type=\"wp-page\" data-elementor-id=\"6197\" class=\"elementor elementor-6197 elementor-1677\" data-elementor-post-type=\"page\">\n\t\t\t\t<div class=\"elementor-element elementor-element-755079e e-flex e-con-boxed e-con e-parent\" data-id=\"755079e\" data-element_type=\"container\" data-e-type=\"container\" data-settings=\"{&quot;background_background&quot;:&quot;gradient&quot;}\">\n\t\t\t\t\t<div class=\"e-con-inner\">\n\t\t\t\t<div class=\"elementor-element elementor-element-f32eb13 elementor-widget elementor-widget-heading\" data-id=\"f32eb13\" data-element_type=\"widget\" data-e-type=\"widget\" data-widget_type=\"heading.default\">\n\t\t\t\t<div class=\"elementor-widget-container\">\n\t\t\t\t\t<h1 class=\"elementor-heading-title elementor-size-default\">Blog di fisioterapia e riabilitazione con Dynamics VR  <\/h1>\t\t\t\t<\/div>\n\t\t\t\t<\/div>\n\t\t\t\t<div class=\"elementor-element elementor-element-487d2fa elementor-widget elementor-widget-heading\" data-id=\"487d2fa\" data-element_type=\"widget\" data-e-type=\"widget\" data-widget_type=\"heading.default\">\n\t\t\t\t<div class=\"elementor-widget-container\">\n\t\t\t\t\t<h2 class=\"elementor-heading-title elementor-size-default\">Esplora gli articoli del blog su fisioterapia, riabilitazione e casi clinici con la realt\u00e0 virtuale.  <\/h2>\t\t\t\t<\/div>\n\t\t\t\t<\/div>\n\t\t\t\t\t<\/div>\n\t\t\t\t<\/div>\n\t\t<div class=\"elementor-element elementor-element-f531ecf e-flex e-con-boxed e-con e-parent\" data-id=\"f531ecf\" data-element_type=\"container\" data-e-type=\"container\">\n\t\t\t\t\t<div class=\"e-con-inner\">\n\t\t\t\t<div class=\"elementor-element elementor-element-40ba40b elementor-widget elementor-widget-spacer\" data-id=\"40ba40b\" data-element_type=\"widget\" data-e-type=\"widget\" data-widget_type=\"spacer.default\">\n\t\t\t\t<div class=\"elementor-widget-container\">\n\t\t\t\t\t\t\t<div class=\"elementor-spacer\">\n\t\t\t<div class=\"elementor-spacer-inner\"><\/div>\n\t\t<\/div>\n\t\t\t\t\t\t<\/div>\n\t\t\t\t<\/div>\n\t\t\t\t<div class=\"elementor-element elementor-element-95b2898 elementor-grid-1 elementor-posts--thumbnail-right posts-alterno elementor-grid-tablet-2 elementor-grid-mobile-1 elementor-widget elementor-widget-posts\" data-id=\"95b2898\" data-element_type=\"widget\" data-e-type=\"widget\" data-settings=\"{&quot;classic_columns&quot;:&quot;1&quot;,&quot;pagination_type&quot;:&quot;load_more_infinite_scroll&quot;,&quot;classic_row_gap&quot;:{&quot;unit&quot;:&quot;px&quot;,&quot;size&quot;:50,&quot;sizes&quot;:[]},&quot;classic_row_gap_mobile&quot;:{&quot;unit&quot;:&quot;px&quot;,&quot;size&quot;:0,&quot;sizes&quot;:[]},&quot;classic_columns_tablet&quot;:&quot;2&quot;,&quot;classic_columns_mobile&quot;:&quot;1&quot;,&quot;classic_row_gap_tablet&quot;:{&quot;unit&quot;:&quot;px&quot;,&quot;size&quot;:&quot;&quot;,&quot;sizes&quot;:[]},&quot;load_more_spinner&quot;:{&quot;value&quot;:&quot;fas fa-spinner&quot;,&quot;library&quot;:&quot;fa-solid&quot;}}\" data-widget_type=\"posts.classic\">\n\t\t\t\t<div class=\"elementor-widget-container\">\n\t\t\t\t\t\t\t<div class=\"elementor-posts-container elementor-posts elementor-posts--skin-classic elementor-grid\">\n\t\t\t\t<article class=\"elementor-post elementor-grid-item post-6208 page type-page status-publish has-post-thumbnail hentry\">\n\t\t\t\t<a class=\"elementor-post__thumbnail__link\" href=\"https:\/\/www.dynamics-vr.com\/it\/linea-guida-di-pratica-clinica-cose-e-come-applicarla-in-fisioterapia-vr\/\" tabindex=\"-1\" >\n\t\t\t<div class=\"elementor-post__thumbnail\"><img fetchpriority=\"high\" decoding=\"async\" width=\"300\" height=\"204\" src=\"https:\/\/www.dynamics-vr.com\/wp-content\/uploads\/2026\/02\/Blog-Guia-de-Practica-Clinica-300x204.png\" class=\"attachment-medium size-medium wp-image-6207\" alt=\"Blog sulle linee guida di pratica clinica\" srcset=\"https:\/\/www.dynamics-vr.com\/wp-content\/uploads\/2026\/02\/Blog-Guia-de-Practica-Clinica-300x204.png 300w, https:\/\/www.dynamics-vr.com\/wp-content\/uploads\/2026\/02\/Blog-Guia-de-Practica-Clinica.png 545w\" sizes=\"(max-width: 300px) 100vw, 300px\" \/><\/div>\n\t\t<\/a>\n\t\t\t\t<div class=\"elementor-post__text\">\n\t\t\t\t<h3 class=\"elementor-post__title\">\n\t\t\t<a href=\"https:\/\/www.dynamics-vr.com\/it\/linea-guida-di-pratica-clinica-cose-e-come-applicarla-in-fisioterapia-vr\/\" >\n\t\t\t\tLinea guida di pratica clinica: cos&#8217;\u00e8 e come applicarla in fisioterapia VR\t\t\t<\/a>\n\t\t<\/h3>\n\t\t\t\t<div class=\"elementor-post__meta-data\">\n\t\t\t\t\t<span class=\"elementor-post-date\">\n\t\t\t10 Febbraio 2026\t\t<\/span>\n\t\t\t\t<\/div>\n\t\t\t\t<div class=\"elementor-post__excerpt\">\n\t\t\t<p>Scopri cos&#8217;\u00e8 una linea guida di pratica clinica (CPG), la sua importanza per la fisioterapia moderna e come la realt\u00e0 virtuale aiuta a soddisfare gli standard di evidenza scientifica.<\/p>\n\t\t<\/div>\n\t\t\n\t\t<a class=\"elementor-post__read-more\" href=\"https:\/\/www.dynamics-vr.com\/it\/linea-guida-di-pratica-clinica-cose-e-come-applicarla-in-fisioterapia-vr\/\" aria-label=\"Read more about Linea guida di pratica clinica: cos&#8217;\u00e8 e come applicarla in fisioterapia VR\" tabindex=\"-1\" >\n\t\t\tLeggi di pi\u00f9 &gt;\t\t<\/a>\n\n\t\t\t\t<\/div>\n\t\t\t\t<\/article>\n\t\t\t\t<article class=\"elementor-post elementor-grid-item post-6214 page type-page status-publish has-post-thumbnail hentry\">\n\t\t\t\t<a class=\"elementor-post__thumbnail__link\" href=\"https:\/\/www.dynamics-vr.com\/it\/abilita-motorie-fini-e-grossolane-cosa-sono-e-come-lavorare-con-la-vr\/\" tabindex=\"-1\" >\n\t\t\t<div class=\"elementor-post__thumbnail\"><img decoding=\"async\" width=\"300\" height=\"204\" src=\"https:\/\/www.dynamics-vr.com\/wp-content\/uploads\/2026\/02\/Motricidad-fina-y-gruesa-blog-Dynamics-VR-300x204.png\" class=\"attachment-medium size-medium wp-image-6213\" alt=\"\" srcset=\"https:\/\/www.dynamics-vr.com\/wp-content\/uploads\/2026\/02\/Motricidad-fina-y-gruesa-blog-Dynamics-VR-300x204.png 300w, https:\/\/www.dynamics-vr.com\/wp-content\/uploads\/2026\/02\/Motricidad-fina-y-gruesa-blog-Dynamics-VR.png 545w\" sizes=\"(max-width: 300px) 100vw, 300px\" \/><\/div>\n\t\t<\/a>\n\t\t\t\t<div class=\"elementor-post__text\">\n\t\t\t\t<h3 class=\"elementor-post__title\">\n\t\t\t<a href=\"https:\/\/www.dynamics-vr.com\/it\/abilita-motorie-fini-e-grossolane-cosa-sono-e-come-lavorare-con-la-vr\/\" >\n\t\t\t\tAbilit\u00e0 motorie fini e grossolane: cosa sono e come lavorare con la VR\t\t\t<\/a>\n\t\t<\/h3>\n\t\t\t\t<div class=\"elementor-post__meta-data\">\n\t\t\t\t\t<span class=\"elementor-post-date\">\n\t\t\t2 Febbraio 2026\t\t<\/span>\n\t\t\t\t<\/div>\n\t\t\t\t<div class=\"elementor-post__excerpt\">\n\t\t\t<p>Scopri cosa sono le abilit\u00e0 motorie fini e grossolane, come influenzano i movimenti quotidiani e perch\u00e9 la loro riabilitazione \u00e8 fondamentale dopo una lesione neurologica. Impara a distinguere e a capire come la realt\u00e0 virtuale sta rivoluzionando il recupero. <\/p>\n\t\t<\/div>\n\t\t\n\t\t<a class=\"elementor-post__read-more\" href=\"https:\/\/www.dynamics-vr.com\/it\/abilita-motorie-fini-e-grossolane-cosa-sono-e-come-lavorare-con-la-vr\/\" aria-label=\"Read more about Abilit\u00e0 motorie fini e grossolane: cosa sono e come lavorare con la VR\" tabindex=\"-1\" >\n\t\t\tLeggi di pi\u00f9 &gt;\t\t<\/a>\n\n\t\t\t\t<\/div>\n\t\t\t\t<\/article>\n\t\t\t\t<\/div>\n\t\t\t\t\t<span class=\"e-load-more-spinner\">\n\t\t\t\t<svg aria-hidden=\"true\" class=\"e-font-icon-svg e-fas-spinner\" viewBox=\"0 0 512 512\" xmlns=\"http:\/\/www.w3.org\/2000\/svg\"><path d=\"M304 48c0 26.51-21.49 48-48 48s-48-21.49-48-48 21.49-48 48-48 48 21.49 48 48zm-48 368c-26.51 0-48 21.49-48 48s21.49 48 48 48 48-21.49 48-48-21.49-48-48-48zm208-208c-26.51 0-48 21.49-48 48s21.49 48 48 48 48-21.49 48-48-21.49-48-48-48zM96 256c0-26.51-21.49-48-48-48S0 229.49 0 256s21.49 48 48 48 48-21.49 48-48zm12.922 99.078c-26.51 0-48 21.49-48 48s21.49 48 48 48 48-21.49 48-48c0-26.509-21.491-48-48-48zm294.156 0c-26.51 0-48 21.49-48 48s21.49 48 48 48 48-21.49 48-48c0-26.509-21.49-48-48-48zM108.922 60.922c-26.51 0-48 21.49-48 48s21.49 48 48 48 48-21.49 48-48-21.491-48-48-48z\"><\/path><\/svg>\t\t\t<\/span>\n\t\t\n\t\t\t\t\t\t<\/div>\n\t\t\t\t<\/div>\n\t\t\t\t\t<\/div>\n\t\t\t\t<\/div>\n\t\t\t\t<\/div>\n\t\t","protected":false},"excerpt":{"rendered":"<p>Esplora gli articoli su fisioterapia, riabilitazione e casi clinici con la realt\u00e0 virtuale. Scopri con Dynamics VR. <\/p>\n","protected":false},"author":1,"featured_media":0,"parent":0,"menu_order":0,"comment_status":"closed","ping_status":"closed","template":"","meta":{"content-type":"","footnotes":""},"class_list":["post-6197","page","type-page","status-publish","hentry"],"yoast_head":"<!-- This site is optimized with the Yoast SEO plugin v25.4 - https:\/\/yoast.com\/wordpress\/plugins\/seo\/ -->\n<title>Blog di fisioterapia e riabilitazione | Dynamics VR<\/title>\n<meta name=\"description\" content=\"Esplora gli articoli su fisioterapia, riabilitazione e casi clinici con la realt\u00e0 virtuale. Scopri con Dynamics VR.\" \/>\n<meta name=\"robots\" content=\"index, follow, max-snippet:-1, max-image-preview:large, max-video-preview:-1\" \/>\n<link rel=\"canonical\" href=\"https:\/\/www.dynamics-vr.com\/it\/blog\/\" \/>\n<meta property=\"og:locale\" content=\"it_IT\" \/>\n<meta property=\"og:type\" content=\"article\" \/>\n<meta property=\"og:title\" content=\"Blog di fisioterapia e riabilitazione | Dynamics VR\" \/>\n<meta property=\"og:description\" content=\"Esplora gli articoli su fisioterapia, riabilitazione e casi clinici con la realt\u00e0 virtuale. Scopri con Dynamics VR.\" \/>\n<meta property=\"og:url\" content=\"https:\/\/www.dynamics-vr.com\/it\/blog\/\" \/>\n<meta property=\"og:site_name\" content=\"DynamicsVR\" \/>\n<meta property=\"article:modified_time\" content=\"2026-02-26T08:45:57+00:00\" \/>\n<meta name=\"twitter:card\" content=\"summary_large_image\" \/>\n<script type=\"application\/ld+json\" class=\"yoast-schema-graph\">{\"@context\":\"https:\/\/schema.org\",\"@graph\":[{\"@type\":\"WebPage\",\"@id\":\"https:\/\/www.dynamics-vr.com\/it\/blog\/\",\"url\":\"https:\/\/www.dynamics-vr.com\/it\/blog\/\",\"name\":\"Blog di fisioterapia e riabilitazione | Dynamics VR\",\"isPartOf\":{\"@id\":\"https:\/\/www.dynamics-vr.com\/it\/#website\"},\"datePublished\":\"2025-04-29T14:41:47+00:00\",\"dateModified\":\"2026-02-26T08:45:57+00:00\",\"description\":\"Esplora gli articoli su fisioterapia, riabilitazione e casi clinici con la realt\u00e0 virtuale. Scopri con Dynamics VR.\",\"breadcrumb\":{\"@id\":\"https:\/\/www.dynamics-vr.com\/it\/blog\/#breadcrumb\"},\"inLanguage\":\"it-IT\",\"potentialAction\":[{\"@type\":\"ReadAction\",\"target\":[\"https:\/\/www.dynamics-vr.com\/it\/blog\/\"]}]},{\"@type\":\"BreadcrumbList\",\"@id\":\"https:\/\/www.dynamics-vr.com\/it\/blog\/#breadcrumb\",\"itemListElement\":[{\"@type\":\"ListItem\",\"position\":1,\"name\":\"Portada\",\"item\":\"https:\/\/www.dynamics-vr.com\/it\/\"},{\"@type\":\"ListItem\",\"position\":2,\"name\":\"Blog\"}]},{\"@type\":\"WebSite\",\"@id\":\"https:\/\/www.dynamics-vr.com\/it\/#website\",\"url\":\"https:\/\/www.dynamics-vr.com\/it\/\",\"name\":\"DynamicsVR\",\"description\":\"\",\"potentialAction\":[{\"@type\":\"SearchAction\",\"target\":{\"@type\":\"EntryPoint\",\"urlTemplate\":\"https:\/\/www.dynamics-vr.com\/it\/?s={search_term_string}\"},\"query-input\":{\"@type\":\"PropertyValueSpecification\",\"valueRequired\":true,\"valueName\":\"search_term_string\"}}],\"inLanguage\":\"it-IT\"}]}<\/script>\n<!-- \/ Yoast SEO plugin. -->","yoast_head_json":{"title":"Blog di fisioterapia e riabilitazione | Dynamics VR","description":"Esplora gli articoli su fisioterapia, riabilitazione e casi clinici con la realt\u00e0 virtuale. Scopri con Dynamics VR.","robots":{"index":"index","follow":"follow","max-snippet":"max-snippet:-1","max-image-preview":"max-image-preview:large","max-video-preview":"max-video-preview:-1"},"canonical":"https:\/\/www.dynamics-vr.com\/it\/blog\/","og_locale":"it_IT","og_type":"article","og_title":"Blog di fisioterapia e riabilitazione | Dynamics VR","og_description":"Esplora gli articoli su fisioterapia, riabilitazione e casi clinici con la realt\u00e0 virtuale. Scopri con Dynamics VR.","og_url":"https:\/\/www.dynamics-vr.com\/it\/blog\/","og_site_name":"DynamicsVR","article_modified_time":"2026-02-26T08:45:57+00:00","twitter_card":"summary_large_image","schema":{"@context":"https:\/\/schema.org","@graph":[{"@type":"WebPage","@id":"https:\/\/www.dynamics-vr.com\/it\/blog\/","url":"https:\/\/www.dynamics-vr.com\/it\/blog\/","name":"Blog di fisioterapia e riabilitazione | Dynamics VR","isPartOf":{"@id":"https:\/\/www.dynamics-vr.com\/it\/#website"},"datePublished":"2025-04-29T14:41:47+00:00","dateModified":"2026-02-26T08:45:57+00:00","description":"Esplora gli articoli su fisioterapia, riabilitazione e casi clinici con la realt\u00e0 virtuale. Scopri con Dynamics VR.","breadcrumb":{"@id":"https:\/\/www.dynamics-vr.com\/it\/blog\/#breadcrumb"},"inLanguage":"it-IT","potentialAction":[{"@type":"ReadAction","target":["https:\/\/www.dynamics-vr.com\/it\/blog\/"]}]},{"@type":"BreadcrumbList","@id":"https:\/\/www.dynamics-vr.com\/it\/blog\/#breadcrumb","itemListElement":[{"@type":"ListItem","position":1,"name":"Portada","item":"https:\/\/www.dynamics-vr.com\/it\/"},{"@type":"ListItem","position":2,"name":"Blog"}]},{"@type":"WebSite","@id":"https:\/\/www.dynamics-vr.com\/it\/#website","url":"https:\/\/www.dynamics-vr.com\/it\/","name":"DynamicsVR","description":"","potentialAction":[{"@type":"SearchAction","target":{"@type":"EntryPoint","urlTemplate":"https:\/\/www.dynamics-vr.com\/it\/?s={search_term_string}"},"query-input":{"@type":"PropertyValueSpecification","valueRequired":true,"valueName":"search_term_string"}}],"inLanguage":"it-IT"}]}},"_links":{"self":[{"href":"https:\/\/www.dynamics-vr.com\/it\/wp-json\/wp\/v2\/pages\/6197","targetHints":{"allow":["GET"]}}],"collection":[{"href":"https:\/\/www.dynamics-vr.com\/it\/wp-json\/wp\/v2\/pages"}],"about":[{"href":"https:\/\/www.dynamics-vr.com\/it\/wp-json\/wp\/v2\/types\/page"}],"author":[{"embeddable":true,"href":"https:\/\/www.dynamics-vr.com\/it\/wp-json\/wp\/v2\/users\/1"}],"replies":[{"embeddable":true,"href":"https:\/\/www.dynamics-vr.com\/it\/wp-json\/wp\/v2\/comments?post=6197"}],"version-history":[{"count":3,"href":"https:\/\/www.dynamics-vr.com\/it\/wp-json\/wp\/v2\/pages\/6197\/revisions"}],"predecessor-version":[{"id":6498,"href":"https:\/\/www.dynamics-vr.com\/it\/wp-json\/wp\/v2\/pages\/6197\/revisions\/6498"}],"wp:attachment":[{"href":"https:\/\/www.dynamics-vr.com\/it\/wp-json\/wp\/v2\/media?parent=6197"}],"curies":[{"name":"wp","href":"https:\/\/api.w.org\/{rel}","templated":true}]}}