{"id":6013,"date":"2025-03-27T09:41:26","date_gmt":"2025-03-27T09:41:26","guid":{"rendered":"http:\/\/35.181.87.76\/dynamics-vr\/"},"modified":"2026-02-12T11:18:41","modified_gmt":"2026-02-12T11:18:41","slug":"dynamics-vr","status":"publish","type":"page","link":"https:\/\/www.dynamics-vr.com\/it\/dynamics-vr\/","title":{"rendered":"Dynamics VR"},"content":{"rendered":"\t\t<div data-elementor-type=\"wp-page\" data-elementor-id=\"6013\" class=\"elementor elementor-6013 elementor-22\" data-elementor-post-type=\"page\">\n\t\t\t\t<div class=\"elementor-element elementor-element-8e91baa e-flex e-con-boxed e-con e-parent\" data-id=\"8e91baa\" data-element_type=\"container\" data-e-type=\"container\" data-settings=\"{&quot;background_background&quot;:&quot;gradient&quot;}\">\n\t\t\t\t\t<div class=\"e-con-inner\">\n\t\t<div class=\"elementor-element elementor-element-a5c2e92 e-con-full e-flex e-con e-child\" data-id=\"a5c2e92\" data-element_type=\"container\" data-e-type=\"container\">\n\t\t\t\t<div class=\"elementor-element elementor-element-b727536 elementor-widget elementor-widget-image\" data-id=\"b727536\" data-element_type=\"widget\" data-e-type=\"widget\" data-widget_type=\"image.default\">\n\t\t\t\t<div class=\"elementor-widget-container\">\n\t\t\t\t\t\t\t\t\t\t\t\t\t\t\t<img decoding=\"async\" src=\"https:\/\/www.dynamics-vr.es\/wp-content\/uploads\/2025\/04\/vr-hero.png\" title=\"\" alt=\"\" loading=\"lazy\" \/>\t\t\t\t\t\t\t\t\t\t\t\t\t\t\t<\/div>\n\t\t\t\t<\/div>\n\t\t\t\t<\/div>\n\t\t<div class=\"elementor-element elementor-element-e5fa950 e-con-full e-flex e-con e-child\" data-id=\"e5fa950\" data-element_type=\"container\" data-e-type=\"container\">\n\t\t\t\t<div class=\"elementor-element elementor-element-097a3a7 elementor-widget elementor-widget-heading\" data-id=\"097a3a7\" data-element_type=\"widget\" data-e-type=\"widget\" data-widget_type=\"heading.default\">\n\t\t\t\t<div class=\"elementor-widget-container\">\n\t\t\t\t\t<h1 class=\"elementor-heading-title elementor-size-default\">Dynamics VR<\/h1>\t\t\t\t<\/div>\n\t\t\t\t<\/div>\n\t\t\t\t<div class=\"elementor-element elementor-element-afe7ab2 elementor-widget elementor-widget-text-editor\" data-id=\"afe7ab2\" data-element_type=\"widget\" data-e-type=\"widget\" data-widget_type=\"text-editor.default\">\n\t\t\t\t<div class=\"elementor-widget-container\">\n\t\t\t\t\t\t\t\t\t<p>Scopri le nostre soluzioni VR<\/p>\t\t\t\t\t\t\t\t<\/div>\n\t\t\t\t<\/div>\n\t\t\t\t<div class=\"elementor-element elementor-element-7ac5b8f elementor-align-justify elementor-widget__width-initial elementor-widget elementor-widget-button\" data-id=\"7ac5b8f\" data-element_type=\"widget\" data-e-type=\"widget\" data-widget_type=\"button.default\">\n\t\t\t\t<div class=\"elementor-widget-container\">\n\t\t\t\t\t\t\t\t\t<div class=\"elementor-button-wrapper\">\n\t\t\t\t\t<a class=\"elementor-button elementor-button-link elementor-size-sm\" href=\"\/it\/contatto\/\">\n\t\t\t\t\t\t<span class=\"elementor-button-content-wrapper\">\n\t\t\t\t\t\t\t\t\t<span class=\"elementor-button-text\">Solicita una demo<\/span>\n\t\t\t\t\t<\/span>\n\t\t\t\t\t<\/a>\n\t\t\t\t<\/div>\n\t\t\t\t\t\t\t\t<\/div>\n\t\t\t\t<\/div>\n\t\t\t\t<\/div>\n\t\t\t\t\t<\/div>\n\t\t\t\t<\/div>\n\t\t<div class=\"elementor-element elementor-element-98fd399 e-flex e-con-boxed e-con e-parent\" data-id=\"98fd399\" data-element_type=\"container\" data-e-type=\"container\">\n\t\t\t\t\t<div class=\"e-con-inner\">\n\t\t\t\t<div class=\"elementor-element elementor-element-f7d57cf elementor-widget elementor-widget-spacer\" data-id=\"f7d57cf\" data-element_type=\"widget\" data-e-type=\"widget\" data-widget_type=\"spacer.default\">\n\t\t\t\t<div class=\"elementor-widget-container\">\n\t\t\t\t\t\t\t<div class=\"elementor-spacer\">\n\t\t\t<div class=\"elementor-spacer-inner\"><\/div>\n\t\t<\/div>\n\t\t\t\t\t\t<\/div>\n\t\t\t\t<\/div>\n\t\t<div class=\"elementor-element elementor-element-de6d7d1 e-con-full e-flex e-con e-child\" data-id=\"de6d7d1\" data-element_type=\"container\" data-e-type=\"container\">\n\t\t<div class=\"elementor-element elementor-element-2942f46 e-con-full e-flex e-con e-child\" data-id=\"2942f46\" data-element_type=\"container\" data-e-type=\"container\">\n\t\t\t\t<div class=\"elementor-element elementor-element-99fcf9e elementor-widget elementor-widget-heading\" data-id=\"99fcf9e\" data-element_type=\"widget\" data-e-type=\"widget\" data-widget_type=\"heading.default\">\n\t\t\t\t<div class=\"elementor-widget-container\">\n\t\t\t\t\t<h2 class=\"elementor-heading-title elementor-size-default\"><span style=\"color:#002BFF\">Neuro Rehab<\/span><\/br>\nA cosa serve?<\/h2>\t\t\t\t<\/div>\n\t\t\t\t<\/div>\n\t\t\t\t<div class=\"elementor-element elementor-element-66daaa7 elementor-widget elementor-widget-text-editor\" data-id=\"66daaa7\" data-element_type=\"widget\" data-e-type=\"widget\" data-widget_type=\"text-editor.default\">\n\t\t\t\t<div class=\"elementor-widget-container\">\n\t\t\t\t\t\t\t\t\t<p>Neuro Rehab utilizza la realt\u00e0 virtuale immersiva per migliorare il recupero motorio e cognitivo, ottimizzando la terapia per i pazienti affetti da ictus, Parkinson e sclerosi multipla attraverso esercizi personalizzati e un monitoraggio preciso.<\/p>\t\t\t\t\t\t\t\t<\/div>\n\t\t\t\t<\/div>\n\t\t\t\t<div class=\"elementor-element elementor-element-ef2abd3 elementor-widget elementor-widget-image\" data-id=\"ef2abd3\" data-element_type=\"widget\" data-e-type=\"widget\" data-widget_type=\"image.default\">\n\t\t\t\t<div class=\"elementor-widget-container\">\n\t\t\t\t\t\t\t\t\t\t\t\t\t\t\t<img decoding=\"async\" src=\"\/wp-content\/uploads\/2025\/04\/MICIUNextGPRTRAEI-1.png\" title=\"\" alt=\"\" loading=\"lazy\" \/>\t\t\t\t\t\t\t\t\t\t\t\t\t\t\t<\/div>\n\t\t\t\t<\/div>\n\t\t\t\t<div class=\"elementor-element elementor-element-459d072 elementor-align-justify elementor-widget__width-initial elementor-widget elementor-widget-button\" data-id=\"459d072\" data-element_type=\"widget\" data-e-type=\"widget\" data-widget_type=\"button.default\">\n\t\t\t\t<div class=\"elementor-widget-container\">\n\t\t\t\t\t\t\t\t\t<div class=\"elementor-button-wrapper\">\n\t\t\t\t\t<a class=\"elementor-button elementor-button-link elementor-size-sm\" href=\"\/it\/neuro\/\">\n\t\t\t\t\t\t<span class=\"elementor-button-content-wrapper\">\n\t\t\t\t\t\t\t\t\t<span class=\"elementor-button-text\">Scopri di pi\u00f9 &gt;<\/span>\n\t\t\t\t\t<\/span>\n\t\t\t\t\t<\/a>\n\t\t\t\t<\/div>\n\t\t\t\t\t\t\t\t<\/div>\n\t\t\t\t<\/div>\n\t\t\t\t<\/div>\n\t\t<div class=\"elementor-element elementor-element-35b6ed6 e-con-full e-flex e-con e-child\" data-id=\"35b6ed6\" data-element_type=\"container\" data-e-type=\"container\">\n\t\t\t\t<div class=\"elementor-element elementor-element-1fde978 elementor-widget elementor-widget-image\" data-id=\"1fde978\" data-element_type=\"widget\" data-e-type=\"widget\" data-widget_type=\"image.default\">\n\t\t\t\t<div class=\"elementor-widget-container\">\n\t\t\t\t\t\t\t\t\t\t\t\t\t\t\t<img decoding=\"async\" src=\"https:\/\/www.dynamics-vr.es\/wp-content\/uploads\/2025\/04\/neuro.png\" title=\"\" alt=\"\" loading=\"lazy\" \/>\t\t\t\t\t\t\t\t\t\t\t\t\t\t\t<\/div>\n\t\t\t\t<\/div>\n\t\t\t\t<\/div>\n\t\t\t\t<\/div>\n\t\t\t\t<div class=\"elementor-element elementor-element-1739f99 elementor-widget elementor-widget-spacer\" data-id=\"1739f99\" data-element_type=\"widget\" data-e-type=\"widget\" data-widget_type=\"spacer.default\">\n\t\t\t\t<div class=\"elementor-widget-container\">\n\t\t\t\t\t\t\t<div class=\"elementor-spacer\">\n\t\t\t<div class=\"elementor-spacer-inner\"><\/div>\n\t\t<\/div>\n\t\t\t\t\t\t<\/div>\n\t\t\t\t<\/div>\n\t\t\t\t\t<\/div>\n\t\t\t\t<\/div>\n\t\t<div class=\"elementor-element elementor-element-934a4b7 e-flex e-con-boxed e-con e-parent\" data-id=\"934a4b7\" data-element_type=\"container\" data-e-type=\"container\" data-settings=\"{&quot;background_background&quot;:&quot;classic&quot;}\">\n\t\t\t\t\t<div class=\"e-con-inner\">\n\t\t\t\t<div class=\"elementor-element elementor-element-bb339c9 elementor-widget elementor-widget-spacer\" data-id=\"bb339c9\" data-element_type=\"widget\" data-e-type=\"widget\" data-widget_type=\"spacer.default\">\n\t\t\t\t<div class=\"elementor-widget-container\">\n\t\t\t\t\t\t\t<div class=\"elementor-spacer\">\n\t\t\t<div class=\"elementor-spacer-inner\"><\/div>\n\t\t<\/div>\n\t\t\t\t\t\t<\/div>\n\t\t\t\t<\/div>\n\t\t<div class=\"elementor-element elementor-element-7691e8b e-con-full e-flex e-con e-child\" data-id=\"7691e8b\" data-element_type=\"container\" data-e-type=\"container\" data-settings=\"{&quot;background_background&quot;:&quot;classic&quot;}\">\n\t\t<div class=\"elementor-element elementor-element-918c9bd e-con-full e-flex e-con e-child\" data-id=\"918c9bd\" data-element_type=\"container\" data-e-type=\"container\">\n\t\t\t\t<div class=\"elementor-element elementor-element-3b10016 elementor-widget elementor-widget-image\" data-id=\"3b10016\" data-element_type=\"widget\" data-e-type=\"widget\" data-widget_type=\"image.default\">\n\t\t\t\t<div class=\"elementor-widget-container\">\n\t\t\t\t\t\t\t\t\t\t\t\t\t\t\t<img decoding=\"async\" src=\"https:\/\/www.dynamics-vr.es\/wp-content\/uploads\/2025\/04\/pain.png\" title=\"\" alt=\"\" loading=\"lazy\" \/>\t\t\t\t\t\t\t\t\t\t\t\t\t\t\t<\/div>\n\t\t\t\t<\/div>\n\t\t\t\t<\/div>\n\t\t<div class=\"elementor-element elementor-element-6b6cf94 e-con-full e-flex e-con e-child\" data-id=\"6b6cf94\" data-element_type=\"container\" data-e-type=\"container\">\n\t\t\t\t<div class=\"elementor-element elementor-element-f622c5d elementor-widget elementor-widget-heading\" data-id=\"f622c5d\" data-element_type=\"widget\" data-e-type=\"widget\" data-widget_type=\"heading.default\">\n\t\t\t\t<div class=\"elementor-widget-container\">\n\t\t\t\t\t<h2 class=\"elementor-heading-title elementor-size-default\"><span style=\"color:#002BFF\">Pain Rehab<\/span><br>A cosa serve?<\/h2>\t\t\t\t<\/div>\n\t\t\t\t<\/div>\n\t\t\t\t<div class=\"elementor-element elementor-element-631a9bf elementor-widget elementor-widget-text-editor\" data-id=\"631a9bf\" data-element_type=\"widget\" data-e-type=\"widget\" data-widget_type=\"text-editor.default\">\n\t\t\t\t<div class=\"elementor-widget-container\">\n\t\t\t\t\t\t\t\t\t<p>Pain Rehab utilizza la realt\u00e0 virtuale immersiva per alleviare il dolore muscoloscheletrico cronico, migliorando la mobilit\u00e0 e favorendo un recupero pi\u00f9 rapido ed efficace grazie a esercizi personalizzati e a un monitoraggio preciso.<\/p>\t\t\t\t\t\t\t\t<\/div>\n\t\t\t\t<\/div>\n\t\t\t\t<div class=\"elementor-element elementor-element-19835f1 elementor-align-justify elementor-widget__width-initial elementor-tablet-align-justify elementor-widget elementor-widget-button\" data-id=\"19835f1\" data-element_type=\"widget\" data-e-type=\"widget\" data-widget_type=\"button.default\">\n\t\t\t\t<div class=\"elementor-widget-container\">\n\t\t\t\t\t\t\t\t\t<div class=\"elementor-button-wrapper\">\n\t\t\t\t\t<a class=\"elementor-button elementor-button-link elementor-size-sm\" href=\"\/it\/dolore\">\n\t\t\t\t\t\t<span class=\"elementor-button-content-wrapper\">\n\t\t\t\t\t\t\t\t\t<span class=\"elementor-button-text\">Scopri di pi\u00f9 &gt;<\/span>\n\t\t\t\t\t<\/span>\n\t\t\t\t\t<\/a>\n\t\t\t\t<\/div>\n\t\t\t\t\t\t\t\t<\/div>\n\t\t\t\t<\/div>\n\t\t\t\t<\/div>\n\t\t\t\t<\/div>\n\t\t\t\t<div class=\"elementor-element elementor-element-abb7100 elementor-widget elementor-widget-spacer\" data-id=\"abb7100\" data-element_type=\"widget\" data-e-type=\"widget\" data-widget_type=\"spacer.default\">\n\t\t\t\t<div class=\"elementor-widget-container\">\n\t\t\t\t\t\t\t<div class=\"elementor-spacer\">\n\t\t\t<div class=\"elementor-spacer-inner\"><\/div>\n\t\t<\/div>\n\t\t\t\t\t\t<\/div>\n\t\t\t\t<\/div>\n\t\t\t\t\t<\/div>\n\t\t\t\t<\/div>\n\t\t<div class=\"elementor-element elementor-element-21374e1 e-flex e-con-boxed e-con e-parent\" data-id=\"21374e1\" data-element_type=\"container\" data-e-type=\"container\">\n\t\t\t\t\t<div class=\"e-con-inner\">\n\t\t\t\t<div class=\"elementor-element elementor-element-14d2c96 elementor-widget elementor-widget-spacer\" data-id=\"14d2c96\" data-element_type=\"widget\" data-e-type=\"widget\" data-widget_type=\"spacer.default\">\n\t\t\t\t<div class=\"elementor-widget-container\">\n\t\t\t\t\t\t\t<div class=\"elementor-spacer\">\n\t\t\t<div class=\"elementor-spacer-inner\"><\/div>\n\t\t<\/div>\n\t\t\t\t\t\t<\/div>\n\t\t\t\t<\/div>\n\t\t<div class=\"elementor-element elementor-element-463ebae e-con-full e-flex e-con e-child\" data-id=\"463ebae\" data-element_type=\"container\" data-e-type=\"container\">\n\t\t<div class=\"elementor-element elementor-element-a3ff25e e-con-full e-flex e-con e-child\" data-id=\"a3ff25e\" data-element_type=\"container\" data-e-type=\"container\">\n\t\t\t\t<div class=\"elementor-element elementor-element-da9b227 elementor-widget elementor-widget-heading\" data-id=\"da9b227\" data-element_type=\"widget\" data-e-type=\"widget\" data-widget_type=\"heading.default\">\n\t\t\t\t<div class=\"elementor-widget-container\">\n\t\t\t\t\t<h2 class=\"elementor-heading-title elementor-size-default\"><font color=\"#002bff\">Patient Experience<\/font><br>A cosa serve?<\/h2>\t\t\t\t<\/div>\n\t\t\t\t<\/div>\n\t\t\t\t<div class=\"elementor-element elementor-element-8dcde9e elementor-widget elementor-widget-text-editor\" data-id=\"8dcde9e\" data-element_type=\"widget\" data-e-type=\"widget\" data-widget_type=\"text-editor.default\">\n\t\t\t\t<div class=\"elementor-widget-container\">\n\t\t\t\t\t\t\t\t\t<p>Patient Experience utilizza la realt\u00e0 virtuale immersiva per migliorare l&#8217;esperienza, ridurre l&#8217;ansia e la sofferenza associate alle procedure dolorose nella popolazione pediatrica e adulta, nonch\u00e9 per l&#8217;esecuzione di esercizi di contrazione e rilassamento dei muscoli del pavimento pelvico.<\/p>\t\t\t\t\t\t\t\t<\/div>\n\t\t\t\t<\/div>\n\t\t\t\t<div class=\"elementor-element elementor-element-9bb3479 elementor-align-justify elementor-widget__width-initial elementor-widget elementor-widget-button\" data-id=\"9bb3479\" data-element_type=\"widget\" data-e-type=\"widget\" data-widget_type=\"button.default\">\n\t\t\t\t<div class=\"elementor-widget-container\">\n\t\t\t\t\t\t\t\t\t<div class=\"elementor-button-wrapper\">\n\t\t\t\t\t<a class=\"elementor-button elementor-button-link elementor-size-sm\" href=\"\/it\/esperienza-del-paziente\/\">\n\t\t\t\t\t\t<span class=\"elementor-button-content-wrapper\">\n\t\t\t\t\t\t\t\t\t<span class=\"elementor-button-text\">Scopri di pi\u00f9 &gt;<\/span>\n\t\t\t\t\t<\/span>\n\t\t\t\t\t<\/a>\n\t\t\t\t<\/div>\n\t\t\t\t\t\t\t\t<\/div>\n\t\t\t\t<\/div>\n\t\t\t\t<\/div>\n\t\t<div class=\"elementor-element elementor-element-440a62a e-con-full e-flex e-con e-child\" data-id=\"440a62a\" data-element_type=\"container\" data-e-type=\"container\">\n\t\t\t\t<div class=\"elementor-element elementor-element-b8e1dac elementor-widget elementor-widget-image\" data-id=\"b8e1dac\" data-element_type=\"widget\" data-e-type=\"widget\" data-widget_type=\"image.default\">\n\t\t\t\t<div class=\"elementor-widget-container\">\n\t\t\t\t\t\t\t\t\t\t\t\t\t\t\t<img decoding=\"async\" src=\"https:\/\/www.dynamics-vr.es\/wp-content\/uploads\/2025\/04\/pe.png\" title=\"\" alt=\"\" loading=\"lazy\" \/>\t\t\t\t\t\t\t\t\t\t\t\t\t\t\t<\/div>\n\t\t\t\t<\/div>\n\t\t\t\t<\/div>\n\t\t\t\t<\/div>\n\t\t\t\t<div class=\"elementor-element elementor-element-8144a6f elementor-widget elementor-widget-spacer\" data-id=\"8144a6f\" data-element_type=\"widget\" data-e-type=\"widget\" data-widget_type=\"spacer.default\">\n\t\t\t\t<div class=\"elementor-widget-container\">\n\t\t\t\t\t\t\t<div class=\"elementor-spacer\">\n\t\t\t<div class=\"elementor-spacer-inner\"><\/div>\n\t\t<\/div>\n\t\t\t\t\t\t<\/div>\n\t\t\t\t<\/div>\n\t\t\t\t\t<\/div>\n\t\t\t\t<\/div>\n\t\t<div class=\"elementor-element elementor-element-cefba05 e-flex e-con-boxed e-con e-parent\" data-id=\"cefba05\" data-element_type=\"container\" data-e-type=\"container\" data-settings=\"{&quot;background_background&quot;:&quot;gradient&quot;}\">\n\t\t\t\t\t<div class=\"e-con-inner\">\n\t\t\t\t<div class=\"elementor-element elementor-element-3da664a elementor-widget-mobile__width-initial elementor-widget elementor-widget-heading\" data-id=\"3da664a\" data-element_type=\"widget\" data-e-type=\"widget\" data-widget_type=\"heading.default\">\n\t\t\t\t<div class=\"elementor-widget-container\">\n\t\t\t\t\t<h2 class=\"elementor-heading-title elementor-size-default\">Richiedi maggiori informazioni Cosa stai aspettando?<\/h2>\t\t\t\t<\/div>\n\t\t\t\t<\/div>\n\t\t\t\t<div class=\"elementor-element elementor-element-6036ab6 elementor-align-justify elementor-widget__width-initial elementor-widget elementor-widget-button\" data-id=\"6036ab6\" data-element_type=\"widget\" data-e-type=\"widget\" data-widget_type=\"button.default\">\n\t\t\t\t<div class=\"elementor-widget-container\">\n\t\t\t\t\t\t\t\t\t<div class=\"elementor-button-wrapper\">\n\t\t\t\t\t<a class=\"elementor-button elementor-button-link elementor-size-sm\" href=\"\/it\/contatto\/\">\n\t\t\t\t\t\t<span class=\"elementor-button-content-wrapper\">\n\t\t\t\t\t\t\t\t\t<span class=\"elementor-button-text\">Contattaci<\/span>\n\t\t\t\t\t<\/span>\n\t\t\t\t\t<\/a>\n\t\t\t\t<\/div>\n\t\t\t\t\t\t\t\t<\/div>\n\t\t\t\t<\/div>\n\t\t\t\t\t<\/div>\n\t\t\t\t<\/div>\n\t\t\t\t<\/div>\n\t\t","protected":false},"excerpt":{"rendered":"<p>Dynamics VR Scopri le nostre soluzioni VR Solicita una demo Neuro Rehab A cosa serve? Neuro Rehab utilizza la realt\u00e0 virtuale immersiva per migliorare il recupero motorio e cognitivo, ottimizzando la terapia per i pazienti affetti da ictus, Parkinson e sclerosi multipla attraverso esercizi personalizzati e un monitoraggio preciso. Scopri di pi\u00f9 &gt; Pain RehabA [&hellip;]<\/p>\n","protected":false},"author":1,"featured_media":0,"parent":0,"menu_order":0,"comment_status":"closed","ping_status":"closed","template":"","meta":{"content-type":"","footnotes":""},"class_list":["post-6013","page","type-page","status-publish","hentry"],"yoast_head":"<!-- This site is optimized with the Yoast SEO plugin v25.4 - https:\/\/yoast.com\/wordpress\/plugins\/seo\/ -->\n<title>Soluzioni VR | Riabilitazione in realt\u00e0 virtuale per le cliniche<\/title>\n<meta name=\"description\" content=\"Esplora le soluzioni Dynamics VR per le cliniche: riabilitazione innovativa, risultati reali, pazienti pi\u00f9 coinvolti.\" \/>\n<meta name=\"robots\" content=\"index, follow, max-snippet:-1, max-image-preview:large, max-video-preview:-1\" \/>\n<link rel=\"canonical\" href=\"https:\/\/www.dynamics-vr.com\/it\/dynamics-vr\/\" \/>\n<meta property=\"og:locale\" content=\"it_IT\" \/>\n<meta property=\"og:type\" content=\"article\" \/>\n<meta property=\"og:title\" content=\"Soluzioni VR | Riabilitazione in realt\u00e0 virtuale per le cliniche\" \/>\n<meta property=\"og:description\" content=\"Esplora le soluzioni Dynamics VR per le cliniche: riabilitazione innovativa, risultati reali, pazienti pi\u00f9 coinvolti.\" \/>\n<meta property=\"og:url\" content=\"https:\/\/www.dynamics-vr.com\/it\/dynamics-vr\/\" \/>\n<meta property=\"og:site_name\" content=\"DynamicsVR\" \/>\n<meta property=\"article:modified_time\" content=\"2026-02-12T11:18:41+00:00\" \/>\n<meta property=\"og:image\" content=\"https:\/\/www.dynamics-vr.es\/wp-content\/uploads\/2025\/04\/vr-hero.png\" \/>\n<meta name=\"twitter:card\" content=\"summary_large_image\" \/>\n<script type=\"application\/ld+json\" class=\"yoast-schema-graph\">{\"@context\":\"https:\/\/schema.org\",\"@graph\":[{\"@type\":\"WebPage\",\"@id\":\"https:\/\/www.dynamics-vr.com\/it\/dynamics-vr\/\",\"url\":\"https:\/\/www.dynamics-vr.com\/it\/dynamics-vr\/\",\"name\":\"Soluzioni VR | Riabilitazione in realt\u00e0 virtuale per le cliniche\",\"isPartOf\":{\"@id\":\"https:\/\/www.dynamics-vr.com\/it\/#website\"},\"primaryImageOfPage\":{\"@id\":\"https:\/\/www.dynamics-vr.com\/it\/dynamics-vr\/#primaryimage\"},\"image\":{\"@id\":\"https:\/\/www.dynamics-vr.com\/it\/dynamics-vr\/#primaryimage\"},\"thumbnailUrl\":\"https:\/\/www.dynamics-vr.es\/wp-content\/uploads\/2025\/04\/vr-hero.png\",\"datePublished\":\"2025-03-27T09:41:26+00:00\",\"dateModified\":\"2026-02-12T11:18:41+00:00\",\"description\":\"Esplora le soluzioni Dynamics VR per le cliniche: riabilitazione innovativa, risultati reali, pazienti pi\u00f9 coinvolti.\",\"breadcrumb\":{\"@id\":\"https:\/\/www.dynamics-vr.com\/it\/dynamics-vr\/#breadcrumb\"},\"inLanguage\":\"it-IT\",\"potentialAction\":[{\"@type\":\"ReadAction\",\"target\":[\"https:\/\/www.dynamics-vr.com\/it\/dynamics-vr\/\"]}]},{\"@type\":\"ImageObject\",\"inLanguage\":\"it-IT\",\"@id\":\"https:\/\/www.dynamics-vr.com\/it\/dynamics-vr\/#primaryimage\",\"url\":\"https:\/\/www.dynamics-vr.es\/wp-content\/uploads\/2025\/04\/vr-hero.png\",\"contentUrl\":\"https:\/\/www.dynamics-vr.es\/wp-content\/uploads\/2025\/04\/vr-hero.png\"},{\"@type\":\"BreadcrumbList\",\"@id\":\"https:\/\/www.dynamics-vr.com\/it\/dynamics-vr\/#breadcrumb\",\"itemListElement\":[{\"@type\":\"ListItem\",\"position\":1,\"name\":\"Portada\",\"item\":\"https:\/\/www.dynamics-vr.com\/it\/\"},{\"@type\":\"ListItem\",\"position\":2,\"name\":\"Dynamics VR\"}]},{\"@type\":\"WebSite\",\"@id\":\"https:\/\/www.dynamics-vr.com\/it\/#website\",\"url\":\"https:\/\/www.dynamics-vr.com\/it\/\",\"name\":\"DynamicsVR\",\"description\":\"\",\"potentialAction\":[{\"@type\":\"SearchAction\",\"target\":{\"@type\":\"EntryPoint\",\"urlTemplate\":\"https:\/\/www.dynamics-vr.com\/it\/?s={search_term_string}\"},\"query-input\":{\"@type\":\"PropertyValueSpecification\",\"valueRequired\":true,\"valueName\":\"search_term_string\"}}],\"inLanguage\":\"it-IT\"}]}<\/script>\n<!-- \/ Yoast SEO plugin. -->","yoast_head_json":{"title":"Soluzioni VR | Riabilitazione in realt\u00e0 virtuale per le cliniche","description":"Esplora le soluzioni Dynamics VR per le cliniche: riabilitazione innovativa, risultati reali, pazienti pi\u00f9 coinvolti.","robots":{"index":"index","follow":"follow","max-snippet":"max-snippet:-1","max-image-preview":"max-image-preview:large","max-video-preview":"max-video-preview:-1"},"canonical":"https:\/\/www.dynamics-vr.com\/it\/dynamics-vr\/","og_locale":"it_IT","og_type":"article","og_title":"Soluzioni VR | Riabilitazione in realt\u00e0 virtuale per le cliniche","og_description":"Esplora le soluzioni Dynamics VR per le cliniche: riabilitazione innovativa, risultati reali, pazienti pi\u00f9 coinvolti.","og_url":"https:\/\/www.dynamics-vr.com\/it\/dynamics-vr\/","og_site_name":"DynamicsVR","article_modified_time":"2026-02-12T11:18:41+00:00","og_image":[{"url":"https:\/\/www.dynamics-vr.es\/wp-content\/uploads\/2025\/04\/vr-hero.png","type":"","width":"","height":""}],"twitter_card":"summary_large_image","schema":{"@context":"https:\/\/schema.org","@graph":[{"@type":"WebPage","@id":"https:\/\/www.dynamics-vr.com\/it\/dynamics-vr\/","url":"https:\/\/www.dynamics-vr.com\/it\/dynamics-vr\/","name":"Soluzioni VR | Riabilitazione in realt\u00e0 virtuale per le cliniche","isPartOf":{"@id":"https:\/\/www.dynamics-vr.com\/it\/#website"},"primaryImageOfPage":{"@id":"https:\/\/www.dynamics-vr.com\/it\/dynamics-vr\/#primaryimage"},"image":{"@id":"https:\/\/www.dynamics-vr.com\/it\/dynamics-vr\/#primaryimage"},"thumbnailUrl":"https:\/\/www.dynamics-vr.es\/wp-content\/uploads\/2025\/04\/vr-hero.png","datePublished":"2025-03-27T09:41:26+00:00","dateModified":"2026-02-12T11:18:41+00:00","description":"Esplora le soluzioni Dynamics VR per le cliniche: riabilitazione innovativa, risultati reali, pazienti pi\u00f9 coinvolti.","breadcrumb":{"@id":"https:\/\/www.dynamics-vr.com\/it\/dynamics-vr\/#breadcrumb"},"inLanguage":"it-IT","potentialAction":[{"@type":"ReadAction","target":["https:\/\/www.dynamics-vr.com\/it\/dynamics-vr\/"]}]},{"@type":"ImageObject","inLanguage":"it-IT","@id":"https:\/\/www.dynamics-vr.com\/it\/dynamics-vr\/#primaryimage","url":"https:\/\/www.dynamics-vr.es\/wp-content\/uploads\/2025\/04\/vr-hero.png","contentUrl":"https:\/\/www.dynamics-vr.es\/wp-content\/uploads\/2025\/04\/vr-hero.png"},{"@type":"BreadcrumbList","@id":"https:\/\/www.dynamics-vr.com\/it\/dynamics-vr\/#breadcrumb","itemListElement":[{"@type":"ListItem","position":1,"name":"Portada","item":"https:\/\/www.dynamics-vr.com\/it\/"},{"@type":"ListItem","position":2,"name":"Dynamics VR"}]},{"@type":"WebSite","@id":"https:\/\/www.dynamics-vr.com\/it\/#website","url":"https:\/\/www.dynamics-vr.com\/it\/","name":"DynamicsVR","description":"","potentialAction":[{"@type":"SearchAction","target":{"@type":"EntryPoint","urlTemplate":"https:\/\/www.dynamics-vr.com\/it\/?s={search_term_string}"},"query-input":{"@type":"PropertyValueSpecification","valueRequired":true,"valueName":"search_term_string"}}],"inLanguage":"it-IT"}]}},"_links":{"self":[{"href":"https:\/\/www.dynamics-vr.com\/it\/wp-json\/wp\/v2\/pages\/6013","targetHints":{"allow":["GET"]}}],"collection":[{"href":"https:\/\/www.dynamics-vr.com\/it\/wp-json\/wp\/v2\/pages"}],"about":[{"href":"https:\/\/www.dynamics-vr.com\/it\/wp-json\/wp\/v2\/types\/page"}],"author":[{"embeddable":true,"href":"https:\/\/www.dynamics-vr.com\/it\/wp-json\/wp\/v2\/users\/1"}],"replies":[{"embeddable":true,"href":"https:\/\/www.dynamics-vr.com\/it\/wp-json\/wp\/v2\/comments?post=6013"}],"version-history":[{"count":7,"href":"https:\/\/www.dynamics-vr.com\/it\/wp-json\/wp\/v2\/pages\/6013\/revisions"}],"predecessor-version":[{"id":6339,"href":"https:\/\/www.dynamics-vr.com\/it\/wp-json\/wp\/v2\/pages\/6013\/revisions\/6339"}],"wp:attachment":[{"href":"https:\/\/www.dynamics-vr.com\/it\/wp-json\/wp\/v2\/media?parent=6013"}],"curies":[{"name":"wp","href":"https:\/\/api.w.org\/{rel}","templated":true}]}}