{"id":5868,"date":"2025-03-27T09:40:11","date_gmt":"2025-03-27T09:40:11","guid":{"rendered":"http:\/\/35.181.87.76\/contatto\/"},"modified":"2026-02-11T12:41:09","modified_gmt":"2026-02-11T12:41:09","slug":"contatto","status":"publish","type":"page","link":"https:\/\/www.dynamics-vr.com\/it\/contatto\/","title":{"rendered":"Contatto"},"content":{"rendered":"\t\t<div data-elementor-type=\"wp-page\" data-elementor-id=\"5868\" class=\"elementor elementor-5868 elementor-18\" data-elementor-post-type=\"page\">\n\t\t\t\t<div class=\"elementor-element elementor-element-02c43cf e-flex e-con-boxed e-con e-parent\" data-id=\"02c43cf\" data-element_type=\"container\" data-e-type=\"container\" data-settings=\"{&quot;background_background&quot;:&quot;gradient&quot;}\">\n\t\t\t\t\t<div class=\"e-con-inner\">\n\t\t\t\t<div class=\"elementor-element elementor-element-2761f0c elementor-widget-mobile__width-initial elementor-widget elementor-widget-heading\" data-id=\"2761f0c\" data-element_type=\"widget\" data-e-type=\"widget\" data-widget_type=\"heading.default\">\n\t\t\t\t<div class=\"elementor-widget-container\">\n\t\t\t\t\t<h1 class=\"elementor-heading-title elementor-size-default\">Ti piacerebbe provarlo nel tuo centro?<\/h1>\t\t\t\t<\/div>\n\t\t\t\t<\/div>\n\t\t\t\t<div class=\"elementor-element elementor-element-4d1833d elementor-widget elementor-widget-text-editor\" data-id=\"4d1833d\" data-element_type=\"widget\" data-e-type=\"widget\" data-widget_type=\"text-editor.default\">\n\t\t\t\t<div class=\"elementor-widget-container\">\n\t\t\t\t\t\t\t\t\t<p>Richiedi subito la tua demo senza impegno<\/p>\t\t\t\t\t\t\t\t<\/div>\n\t\t\t\t<\/div>\n\t\t\t\t\t<\/div>\n\t\t\t\t<\/div>\n\t\t<div class=\"elementor-element elementor-element-f21cd00 e-flex e-con-boxed e-con e-parent\" data-id=\"f21cd00\" data-element_type=\"container\" data-e-type=\"container\" data-settings=\"{&quot;background_background&quot;:&quot;classic&quot;}\">\n\t\t\t\t\t<div class=\"e-con-inner\">\n\t\t\t\t<div class=\"elementor-element elementor-element-e6b477f elementor-widget elementor-widget-spacer\" data-id=\"e6b477f\" data-element_type=\"widget\" data-e-type=\"widget\" data-widget_type=\"spacer.default\">\n\t\t\t\t<div class=\"elementor-widget-container\">\n\t\t\t\t\t\t\t<div class=\"elementor-spacer\">\n\t\t\t<div class=\"elementor-spacer-inner\"><\/div>\n\t\t<\/div>\n\t\t\t\t\t\t<\/div>\n\t\t\t\t<\/div>\n\t\t<div class=\"elementor-element elementor-element-da56bb9 e-con-full e-flex e-con e-child\" data-id=\"da56bb9\" data-element_type=\"container\" data-e-type=\"container\">\n\t\t<div class=\"elementor-element elementor-element-64e9aac e-con-full e-flex e-con e-child\" data-id=\"64e9aac\" data-element_type=\"container\" data-e-type=\"container\">\n\t\t<div class=\"elementor-element elementor-element-5899343 e-con-full e-flex e-con e-child\" data-id=\"5899343\" data-element_type=\"container\" data-e-type=\"container\">\n\t\t\t\t<div class=\"elementor-element elementor-element-90dba55 elementor-widget elementor-widget-heading\" data-id=\"90dba55\" data-element_type=\"widget\" data-e-type=\"widget\" data-widget_type=\"heading.default\">\n\t\t\t\t<div class=\"elementor-widget-container\">\n\t\t\t\t\t<h2 class=\"elementor-heading-title elementor-size-default\">Compila il <span style=\"color:#002AFF\">modulo<\/span><\/h2>\t\t\t\t<\/div>\n\t\t\t\t<\/div>\n\t\t\t\t<div class=\"elementor-element elementor-element-955407b elementor-hidden-mobile elementor-widget elementor-widget-text-editor\" data-id=\"955407b\" data-element_type=\"widget\" data-e-type=\"widget\" data-widget_type=\"text-editor.default\">\n\t\t\t\t<div class=\"elementor-widget-container\">\n\t\t\t\t\t\t\t\t\t<p>Scopri come la nostra tecnologia pu\u00f2 essere adattata alle tue specifiche esigenze di riabilitazione.<\/p>\t\t\t\t\t\t\t\t<\/div>\n\t\t\t\t<\/div>\n\t\t\t\t<div class=\"elementor-element elementor-element-c5b3c7a elementor-hidden-desktop elementor-hidden-tablet elementor-widget elementor-widget-text-editor\" data-id=\"c5b3c7a\" data-element_type=\"widget\" data-e-type=\"widget\" data-widget_type=\"text-editor.default\">\n\t\t\t\t<div class=\"elementor-widget-container\">\n\t\t\t\t\t\t\t\t\t<p>Ti contatteremo al pi\u00f9 presto!<\/p>\t\t\t\t\t\t\t\t<\/div>\n\t\t\t\t<\/div>\n\t\t\t\t<div class=\"elementor-element elementor-element-1c7cb78 elementor-hidden-mobile elementor-widget elementor-widget-text-editor\" data-id=\"1c7cb78\" data-element_type=\"widget\" data-e-type=\"widget\" data-widget_type=\"text-editor.default\">\n\t\t\t\t<div class=\"elementor-widget-container\">\n\t\t\t\t\t\t\t\t\t<p>Ti contatteremo al pi\u00f9 presto!<\/p>\t\t\t\t\t\t\t\t<\/div>\n\t\t\t\t<\/div>\n\t\t\t\t<div class=\"elementor-element elementor-element-c383042 elementor-hidden-mobile elementor-widget elementor-widget-image\" data-id=\"c383042\" data-element_type=\"widget\" data-e-type=\"widget\" data-widget_type=\"image.default\">\n\t\t\t\t<div class=\"elementor-widget-container\">\n\t\t\t\t\t\t\t\t\t\t\t\t\t\t\t<img decoding=\"async\" src=\"\/wp-content\/uploads\/2026\/01\/form_contacto.png\" title=\"\" alt=\"\" loading=\"lazy\" \/>\t\t\t\t\t\t\t\t\t\t\t\t\t\t\t<\/div>\n\t\t\t\t<\/div>\n\t\t\t\t<\/div>\n\t\t<div class=\"elementor-element elementor-element-ba92389 e-con-full e-flex e-con e-child\" data-id=\"ba92389\" data-element_type=\"container\" data-e-type=\"container\" data-settings=\"{&quot;background_background&quot;:&quot;classic&quot;}\">\n\t\t\t\t<div class=\"elementor-element elementor-element-f87acc4 elementor-widget__width-initial elementor-widget elementor-widget-shortcode\" data-id=\"f87acc4\" data-element_type=\"widget\" data-e-type=\"widget\" data-widget_type=\"shortcode.default\">\n\t\t\t\t<div class=\"elementor-widget-container\">\n\t\t\t\t\t\t\t<div class=\"elementor-shortcode\">\n\t\t\t\t\t\t<script>\n\t\t\t\t\t\t\twindow.hsFormsOnReady = window.hsFormsOnReady || [];\n\t\t\t\t\t\t\twindow.hsFormsOnReady.push(()=>{\n\t\t\t\t\t\t\t\thbspt.forms.create({\n\t\t\t\t\t\t\t\t\tportalId: 26570660,\n\t\t\t\t\t\t\t\t\tformId: \"e5ca4f5c-1864-494a-94b3-cf3d62d51cff\",\n\t\t\t\t\t\t\t\t\ttarget: \"#hbspt-form-1775717437000-6813393948\",\n\t\t\t\t\t\t\t\t\tregion: \"eu1\",\n\t\t\t\t\t\t\t\t\t\n\t\t\t\t\t\t\t})});\n\t\t\t\t\t\t<\/script>\n\t\t\t\t\t\t<div class=\"hbspt-form\" id=\"hbspt-form-1775717437000-6813393948\"><\/div><\/div>\n\t\t\t\t\t\t<\/div>\n\t\t\t\t<\/div>\n\t\t\t\t<\/div>\n\t\t\t\t<\/div>\n\t\t\t\t<\/div>\n\t\t\t\t<div class=\"elementor-element elementor-element-4a67e82 elementor-widget elementor-widget-spacer\" data-id=\"4a67e82\" data-element_type=\"widget\" data-e-type=\"widget\" data-widget_type=\"spacer.default\">\n\t\t\t\t<div class=\"elementor-widget-container\">\n\t\t\t\t\t\t\t<div class=\"elementor-spacer\">\n\t\t\t<div class=\"elementor-spacer-inner\"><\/div>\n\t\t<\/div>\n\t\t\t\t\t\t<\/div>\n\t\t\t\t<\/div>\n\t\t\t\t\t<\/div>\n\t\t\t\t<\/div>\n\t\t\t\t<\/div>\n\t\t","protected":false},"excerpt":{"rendered":"<p>Ti piacerebbe provarlo nel tuo centro? Richiedi subito la tua demo senza impegno Compila il modulo Scopri come la nostra tecnologia pu\u00f2 essere adattata alle tue specifiche esigenze di riabilitazione. Ti contatteremo al pi\u00f9 presto! Ti contatteremo al pi\u00f9 presto!<\/p>\n","protected":false},"author":1,"featured_media":0,"parent":0,"menu_order":0,"comment_status":"closed","ping_status":"closed","template":"","meta":{"content-type":"","footnotes":""},"class_list":["post-5868","page","type-page","status-publish","hentry"],"yoast_head":"<!-- This site is optimized with the Yoast SEO plugin v25.4 - https:\/\/yoast.com\/wordpress\/plugins\/seo\/ -->\n<title>Contatta Dynamics VR - Richiedi informazioni<\/title>\n<meta name=\"description\" content=\"Hai domande o vuoi vedere Dynamics VR in azione? Scrivici e ti risponderemo entro 24 ore.\" \/>\n<meta name=\"robots\" content=\"index, follow, max-snippet:-1, max-image-preview:large, max-video-preview:-1\" \/>\n<link rel=\"canonical\" href=\"https:\/\/www.dynamics-vr.com\/it\/contatto\/\" \/>\n<meta property=\"og:locale\" content=\"it_IT\" \/>\n<meta property=\"og:type\" content=\"article\" \/>\n<meta property=\"og:title\" content=\"Contatta Dynamics VR - Richiedi informazioni\" \/>\n<meta property=\"og:description\" content=\"Hai domande o vuoi vedere Dynamics VR in azione? Scrivici e ti risponderemo entro 24 ore.\" \/>\n<meta property=\"og:url\" content=\"https:\/\/www.dynamics-vr.com\/it\/contatto\/\" \/>\n<meta property=\"og:site_name\" content=\"DynamicsVR\" \/>\n<meta property=\"article:modified_time\" content=\"2026-02-11T12:41:09+00:00\" \/>\n<meta name=\"twitter:card\" content=\"summary_large_image\" \/>\n<script type=\"application\/ld+json\" class=\"yoast-schema-graph\">{\"@context\":\"https:\/\/schema.org\",\"@graph\":[{\"@type\":\"WebPage\",\"@id\":\"https:\/\/www.dynamics-vr.com\/it\/contatto\/\",\"url\":\"https:\/\/www.dynamics-vr.com\/it\/contatto\/\",\"name\":\"Contatta Dynamics VR - Richiedi informazioni\",\"isPartOf\":{\"@id\":\"https:\/\/www.dynamics-vr.com\/it\/#website\"},\"datePublished\":\"2025-03-27T09:40:11+00:00\",\"dateModified\":\"2026-02-11T12:41:09+00:00\",\"description\":\"Hai domande o vuoi vedere Dynamics VR in azione? Scrivici e ti risponderemo entro 24 ore.\",\"breadcrumb\":{\"@id\":\"https:\/\/www.dynamics-vr.com\/it\/contatto\/#breadcrumb\"},\"inLanguage\":\"it-IT\",\"potentialAction\":[{\"@type\":\"ReadAction\",\"target\":[\"https:\/\/www.dynamics-vr.com\/it\/contatto\/\"]}]},{\"@type\":\"BreadcrumbList\",\"@id\":\"https:\/\/www.dynamics-vr.com\/it\/contatto\/#breadcrumb\",\"itemListElement\":[{\"@type\":\"ListItem\",\"position\":1,\"name\":\"Portada\",\"item\":\"https:\/\/www.dynamics-vr.com\/it\/\"},{\"@type\":\"ListItem\",\"position\":2,\"name\":\"Contatto\"}]},{\"@type\":\"WebSite\",\"@id\":\"https:\/\/www.dynamics-vr.com\/it\/#website\",\"url\":\"https:\/\/www.dynamics-vr.com\/it\/\",\"name\":\"DynamicsVR\",\"description\":\"\",\"potentialAction\":[{\"@type\":\"SearchAction\",\"target\":{\"@type\":\"EntryPoint\",\"urlTemplate\":\"https:\/\/www.dynamics-vr.com\/it\/?s={search_term_string}\"},\"query-input\":{\"@type\":\"PropertyValueSpecification\",\"valueRequired\":true,\"valueName\":\"search_term_string\"}}],\"inLanguage\":\"it-IT\"}]}<\/script>\n<!-- \/ Yoast SEO plugin. -->","yoast_head_json":{"title":"Contatta Dynamics VR - Richiedi informazioni","description":"Hai domande o vuoi vedere Dynamics VR in azione? Scrivici e ti risponderemo entro 24 ore.","robots":{"index":"index","follow":"follow","max-snippet":"max-snippet:-1","max-image-preview":"max-image-preview:large","max-video-preview":"max-video-preview:-1"},"canonical":"https:\/\/www.dynamics-vr.com\/it\/contatto\/","og_locale":"it_IT","og_type":"article","og_title":"Contatta Dynamics VR - Richiedi informazioni","og_description":"Hai domande o vuoi vedere Dynamics VR in azione? Scrivici e ti risponderemo entro 24 ore.","og_url":"https:\/\/www.dynamics-vr.com\/it\/contatto\/","og_site_name":"DynamicsVR","article_modified_time":"2026-02-11T12:41:09+00:00","twitter_card":"summary_large_image","schema":{"@context":"https:\/\/schema.org","@graph":[{"@type":"WebPage","@id":"https:\/\/www.dynamics-vr.com\/it\/contatto\/","url":"https:\/\/www.dynamics-vr.com\/it\/contatto\/","name":"Contatta Dynamics VR - Richiedi informazioni","isPartOf":{"@id":"https:\/\/www.dynamics-vr.com\/it\/#website"},"datePublished":"2025-03-27T09:40:11+00:00","dateModified":"2026-02-11T12:41:09+00:00","description":"Hai domande o vuoi vedere Dynamics VR in azione? Scrivici e ti risponderemo entro 24 ore.","breadcrumb":{"@id":"https:\/\/www.dynamics-vr.com\/it\/contatto\/#breadcrumb"},"inLanguage":"it-IT","potentialAction":[{"@type":"ReadAction","target":["https:\/\/www.dynamics-vr.com\/it\/contatto\/"]}]},{"@type":"BreadcrumbList","@id":"https:\/\/www.dynamics-vr.com\/it\/contatto\/#breadcrumb","itemListElement":[{"@type":"ListItem","position":1,"name":"Portada","item":"https:\/\/www.dynamics-vr.com\/it\/"},{"@type":"ListItem","position":2,"name":"Contatto"}]},{"@type":"WebSite","@id":"https:\/\/www.dynamics-vr.com\/it\/#website","url":"https:\/\/www.dynamics-vr.com\/it\/","name":"DynamicsVR","description":"","potentialAction":[{"@type":"SearchAction","target":{"@type":"EntryPoint","urlTemplate":"https:\/\/www.dynamics-vr.com\/it\/?s={search_term_string}"},"query-input":{"@type":"PropertyValueSpecification","valueRequired":true,"valueName":"search_term_string"}}],"inLanguage":"it-IT"}]}},"_links":{"self":[{"href":"https:\/\/www.dynamics-vr.com\/it\/wp-json\/wp\/v2\/pages\/5868","targetHints":{"allow":["GET"]}}],"collection":[{"href":"https:\/\/www.dynamics-vr.com\/it\/wp-json\/wp\/v2\/pages"}],"about":[{"href":"https:\/\/www.dynamics-vr.com\/it\/wp-json\/wp\/v2\/types\/page"}],"author":[{"embeddable":true,"href":"https:\/\/www.dynamics-vr.com\/it\/wp-json\/wp\/v2\/users\/1"}],"replies":[{"embeddable":true,"href":"https:\/\/www.dynamics-vr.com\/it\/wp-json\/wp\/v2\/comments?post=5868"}],"version-history":[{"count":4,"href":"https:\/\/www.dynamics-vr.com\/it\/wp-json\/wp\/v2\/pages\/5868\/revisions"}],"predecessor-version":[{"id":6272,"href":"https:\/\/www.dynamics-vr.com\/it\/wp-json\/wp\/v2\/pages\/5868\/revisions\/6272"}],"wp:attachment":[{"href":"https:\/\/www.dynamics-vr.com\/it\/wp-json\/wp\/v2\/media?parent=5868"}],"curies":[{"name":"wp","href":"https:\/\/api.w.org\/{rel}","templated":true}]}}